{"id":5414,"date":"2023-01-19T10:00:00","date_gmt":"2023-01-19T09:00:00","guid":{"rendered":"https:\/\/www.bikai.eu\/politica-de-cookies\/"},"modified":"2023-02-06T23:36:55","modified_gmt":"2023-02-06T22:36:55","slug":"politica-de-cookies","status":"publish","type":"page","link":"https:\/\/www.bikai.eu\/en\/politica-de-cookies\/","title":{"rendered":"Cookies Policy"},"content":{"rendered":"\n<h1 class=\"wp-block-heading\">Cookies Policy<\/h1>\n\n\n\n<div style=\"height:40px\" aria-hidden=\"true\" class=\"wp-block-spacer\"><\/div>\n\n\n\n<p>Nuestro sitio web utiliza \u201ccookies\u201d para mejorar la navegaci\u00f3n y obtener datos estad\u00edsticos sobre las visitas obtenidas.<\/p>\n\n\n\n<p>Las \u201ccookies\u201d son peque\u00f1os archivos de texto que se instalan en el equipo desde el cual se visita nuestro sitio web, y que nos proporcionan informaci\u00f3n de forma autom\u00e1tica. Las \u201ccookies\u201d en ning\u00fan caso se pueden considerar como un virus inform\u00e1tico.<\/p>\n\n\n\n<ul class=\"wp-block-list\">\n<li>No da\u00f1an el ordenador ni ralentizan su funcionamiento en modo alguno.<\/li>\n\n\n\n<li>Puede eliminar nuestras \u201ccookies\u201d en cualquier momento, o rechazarlas configurando su navegador web.<\/li>\n\n\n\n<li>Las \u201ccookies\u201d se asocian \u00fanicamente con el navegador de un ordenador determinado (un usuario an\u00f3nimo).<\/li>\n\n\n\n<li>Gracias a las \u201ccookies\u201d, resulta posible que reconozcamos los navegadores de los usuarios registrados despu\u00e9s de que \u00e9stos se hayan autenticado por primera vez, sin que tengan que registrarse en cada visita para acceder a las \u00e1reas y servicios reservados exclusivamente a ellos.<\/li>\n\n\n\n<li>Nuestras \u201ccookies\u201d sirven para identificar una sesi\u00f3n de usuario (\u201ccookies de sesi\u00f3n\u201d) en un ordenador (\u201ccookies temporales\u201d), y no proporcionan por s\u00ed mismas ni el nombre del usuario ni ning\u00fan otro dato personal.<\/li>\n\n\n\n<li>Las \u201ccookies\u201d utilizadas no pueden leer los archivos \u201ccookies\u201d creados por otros proveedores.<\/li>\n\n\n\n<li>El usuario tiene la posibilidad de configurar su navegador para que le avise por pantalla de la recepci\u00f3n de \u201ccookies\u201d o para impedir la instalaci\u00f3n de \u201ccookies\u201d en su disco duro.<\/li>\n<\/ul>\n\n\n\n<p>Por favor, consulte las instrucciones y manuales de su navegador para ampliar esta informaci\u00f3n.<\/p>\n\n\n\n<p>Las \u201ccookies\u201d las podemos clasificar en funci\u00f3n de diferentes criterios. Si tenemos en cuenta su procedencia, las podemos clasificar en:<\/p>\n\n\n\n<div style=\"height:40px\" aria-hidden=\"true\" class=\"wp-block-spacer\"><\/div>\n\n\n\n<h3 class=\"wp-block-heading\">Cookies de terceras partes:<\/h3>\n\n\n\n<p>Las instala en su ordenador una tercera empresa y su finalidad, entre otras, es conocer datos \u00fatiles para mejorar nuestro Sitio Web. Algunos datos recogidos son, por ejemplo: el n\u00famero de visitas recibidas, el origen de las visitas, las palabras clave utilizadas para encontrarnos, o las horas de mayor afluencia de visitantes. Podr\u00e1 configurar su navegador para no recibir estas \u201ccookies\u201d y no se instalar\u00e1n.<\/p>\n\n\n\n<div style=\"height:40px\" aria-hidden=\"true\" class=\"wp-block-spacer\"><\/div>\n\n\n\n<h3 class=\"wp-block-heading\">Cookies propias:<\/h3>\n\n\n\n<p>Aqu\u00e9llas que se env\u00edan al equipo del Usuario desde un equipo o dominio gestionado por el Responsable y desde el que se presta el servicio solicitado por el Usuario.<\/p>\n\n\n\n<p>Tal y como nos indica la Agencia Espa\u00f1ola de Protecci\u00f3n de Datos en su gu\u00eda sobre las cookies, estas pueden ser clasificadas en funci\u00f3n de su finalidad. La propia Agencia Espa\u00f1ola de Protecci\u00f3n de Datos nos propone, no debiendo entender la misma como una lista cerrada, la siguiente clasificaci\u00f3n:<\/p>\n\n\n\n<div style=\"height:40px\" aria-hidden=\"true\" class=\"wp-block-spacer\"><\/div>\n\n\n\n<h3 class=\"wp-block-heading\">Cookies t\u00e9cnicas:<\/h3>\n\n\n\n<p>Son aquellas que permiten al usuario la navegaci\u00f3n a trav\u00e9s de una p\u00e1gina web, plataforma o aplicaci\u00f3n y la utilizaci\u00f3n de las diferentes opciones o servicios que en ella existan, incluyendo aquellas que el editor utiliza para permitir la gesti\u00f3n y operativa de la p\u00e1gina web y habilitar sus funciones y servicios, como, por ejemplo, controlar el tr\u00e1fico y la comunicaci\u00f3n de datos, identificar la sesi\u00f3n, acceder a partes de acceso restringido, recordar los elementos que integran un pedido, realizar el proceso de compra de un pedido, gestionar el pago, controlar el fraude vinculado a la seguridad del servicio, realizar la solicitud de inscripci\u00f3n o participaci\u00f3n en un evento, contar visitas a efectos de la facturaci\u00f3n de licencias del software con el que funciona el servicio (sitio web, plataforma o aplicaci\u00f3n), utilizar elementos de seguridad durante la navegaci\u00f3n, almacenar contenidos para la difusi\u00f3n de v\u00eddeos o sonido, habilitar contenidos din\u00e1micos (por ejemplo, animaci\u00f3n de carga de un texto o imagen) o compartir contenidos a trav\u00e9s de redes sociales.<\/p>\n\n\n\n<p>Tambi\u00e9n pertenecen a esta categor\u00eda, por su naturaleza t\u00e9cnica, aquellas cookies que permiten la gesti\u00f3n, de la forma m\u00e1s eficaz posible, de los espacios publicitarios que, como un elemento m\u00e1s de dise\u00f1o o \u201cmaquetaci\u00f3n\u201d del servicio ofrecido al usuario, el editor haya incluido en una p\u00e1gina web, aplicaci\u00f3n o plataforma en base a criterios como el contenido editado, sin que se recopile informaci\u00f3n de los usuarios con fines distintos, como puede ser personalizar ese contenido publicitario u otros contenidos.<\/p>\n\n\n\n<p>Las cookies t\u00e9cnicas estar\u00e1n exceptuadas del cumplimiento de las obligaciones establecidas en el art\u00edculo 22.2 de la LSSI cuando permitan prestar el servicio solicitado por el usuario, como ocurre en el caso de las cookies enumeradas en los p\u00e1rrafos anteriores. Sin embargo, si estas cookies se utilizan tambi\u00e9n para finalidades no exentas (por ejemplo, para fines publicitarios comportamentales), quedar\u00e1n sujetas a dichas obligaciones.<\/p>\n\n\n\n<div style=\"height:40px\" aria-hidden=\"true\" class=\"wp-block-spacer\"><\/div>\n\n\n\n<h3 class=\"wp-block-heading\">Cookies de personalizaci\u00f3n de interfaz:<\/h3>\n\n\n\n<p>Son aquellas que permiten recordar informaci\u00f3n para que el usuario acceda al servicio con determinadas caracter\u00edsticas que pueden diferenciar su experiencia de la de otros usuarios, como, por ejemplo, el idioma, el n\u00famero de resultados a mostrar cuando el usuario realiza una b\u00fasqueda, el aspecto o contenido del servicio en funci\u00f3n del tipo de navegador a trav\u00e9s del cual el usuario accede al servicio o de la regi\u00f3n desde la que accede al servicio, etc.<\/p>\n\n\n\n<p>Si es el propio usuario quien elige esas caracter\u00edsticas (por ejemplo, si selecciona el idioma de un sitio web clicando en el icono de la bandera del pa\u00eds correspondiente), las cookies estar\u00e1n exceptuadas de las obligaciones del art\u00edculo 22.2 de la LSSI por considerarse un servicio expresamente solicitado por el usuario, y ello siempre y cuando las cookies obedezcan exclusivamente a la finalidad seleccionada.<\/p>\n\n\n\n<div style=\"height:40px\" aria-hidden=\"true\" class=\"wp-block-spacer\"><\/div>\n\n\n\n<h3 class=\"wp-block-heading\">Cookies de an\u00e1lisis o medici\u00f3n:<\/h3>\n\n\n\n<p>Son aquellas que permiten al Responsable de las mismas el seguimiento y an\u00e1lisis del comportamiento de los usuarios de los sitios web a los que est\u00e1n vinculadas, incluida la cuantificaci\u00f3n de los impactos de los anuncios. La informaci\u00f3n recogida mediante este tipo de cookies se utiliza en la medici\u00f3n de la actividad de los sitios web, aplicaci\u00f3n o plataforma, con el fin de introducir mejoras en funci\u00f3n del an\u00e1lisis de los datos de uso que hacen los usuarios del servicio.<\/p>\n\n\n\n<p>Respecto al tratamiento de datos recabados a trav\u00e9s de las cookies de an\u00e1lisis, el GT29 manifest\u00f3 que, a pesar de que no est\u00e1n exentas del deber de obtener un consentimiento informado para su uso, es poco probable que representen un riesgo para la privacidad de los usuarios siempre que se trate de cookies de primera parte, que traten datos agregados con una finalidad estrictamente estad\u00edstica, que se facilite informaci\u00f3n sobre sus usos y se incluya la posibilidad de que los usuarios manifiesten su negativa sobre su utilizaci\u00f3n.<\/p>\n\n\n\n<div style=\"height:40px\" aria-hidden=\"true\" class=\"wp-block-spacer\"><\/div>\n\n\n\n<h3 class=\"wp-block-heading\">Cookies de publicidad comportamental:<\/h3>\n\n\n\n<p>Son aquellas que almacenan informaci\u00f3n del comportamiento de los usuarios obtenida a trav\u00e9s de la observaci\u00f3n continuada de sus h\u00e1bitos de navegaci\u00f3n, lo que permite desarrollar un perfil espec\u00edfico para mostrar publicidad en funci\u00f3n del mismo.<\/p>\n\n\n\n<p>Por \u00faltimo, en funci\u00f3n de su persistencia en el sistema, podemos presentar la siguiente clasificaci\u00f3n:<\/p>\n\n\n\n<div style=\"height:40px\" aria-hidden=\"true\" class=\"wp-block-spacer\"><\/div>\n\n\n\n<h3 class=\"wp-block-heading\">Cookies persistentes:<\/h3>\n\n\n\n<p>Son aquellas en las que los datos siguen almacenados en el terminal y pueden ser accedidos y tratados durante un periodo definido por el responsable de la cookie, y que puede ir de unos minutos a varios a\u00f1os.<\/p>\n\n\n\n<div style=\"height:40px\" aria-hidden=\"true\" class=\"wp-block-spacer\"><\/div>\n\n\n\n<h3 class=\"wp-block-heading\">Cookies de sesi\u00f3n:<\/h3>\n\n\n\n<p>Son aquellas dise\u00f1adas para recabar y almacenar datos mientras el usuario accede a una p\u00e1gina web. Se suelen emplear para almacenar informaci\u00f3n que solo interesa conservar para la prestaci\u00f3n del servicio solicitado por el usuario en una sola ocasi\u00f3n (por ejemplo, una lista de productos adquiridos) y desaparecen al terminar la sesi\u00f3n.<\/p>\n\n\n\n<div style=\"height:40px\" aria-hidden=\"true\" class=\"wp-block-spacer\"><\/div>\n\n\n\n<h3 class=\"wp-block-heading\">C\u00f3mo eliminar las cookies<\/h3>\n\n\n\n<p>Desde su equipo puede eliminar las \u201ccookies\u201d instaladas en cada navegador que use. Las \u201ccookies\u201d se instalan en cada navegador empleado para visitarnos, y por tanto deber\u00e1 eliminarlas de cada uno de ellos.<\/p>\n\n\n\n<p>Aqu\u00ed tiene informaci\u00f3n sobre c\u00f3mo hacerlo en los principales navegadores:<\/p>\n\n\n\n<ul class=\"wp-block-list\">\n<li><a href=\"https:\/\/support.google.com\/chrome\/answer\/95647?hl=es\" target=\"_blank\" rel=\"noreferrer noopener\">Eliminar \u201ccookies\u201d en Chrome<\/a><\/li>\n\n\n\n<li><a href=\"https:\/\/support.mozilla.org\/es\/kb\/Borrar%20cookies\" target=\"_blank\" rel=\"noreferrer noopener\">Eliminar \u201ccookies\u201d en Firefox<\/a><\/li>\n\n\n\n<li><a href=\"https:\/\/support.microsoft.com\/es-es\/windows\/eliminar-y-administrar-cookies-168dab11-0753-043d-7c16-ede5947fc64d#ie=ie-10\" target=\"_blank\" rel=\"noreferrer noopener\">Eliminar \u201ccookies\u201d en Internet Explorer<\/a><\/li>\n\n\n\n<li><a href=\"https:\/\/support.apple.com\/es-es\/HT201265\" target=\"_blank\" rel=\"noreferrer noopener\">Eliminar \u201ccookies\u201d en Safari<\/a><\/li>\n\n\n\n<li><a href=\"https:\/\/www.opera.com\/es\/privacy\" target=\"_blank\" rel=\"noreferrer noopener\">Eliminar \u201ccookies\u201d en Opera<\/a><\/li>\n<\/ul>\n\n\n\n<p>Para m\u00e1s informaci\u00f3n sobre el uso de \u201ccookies\u201d, puede revisar la documentaci\u00f3n publicada en las&nbsp;<a href=\"https:\/\/www.aepd.es\/es\/guias-y-herramientas\/guias\" target=\"_blank\" rel=\"noreferrer noopener\">gu\u00edas de la agencia Espa\u00f1ola de Protecci\u00f3n de Datos<\/a><\/p>\n\n\n\n<div style=\"height:40px\" aria-hidden=\"true\" class=\"wp-block-spacer\"><\/div>\n","protected":false},"excerpt":{"rendered":"<p>Cookies Policy Nuestro sitio web utiliza \u201ccookies\u201d para mejorar la navegaci\u00f3n y obtener datos estad\u00edsticos sobre las visitas obtenidas. Las \u201ccookies\u201d son peque\u00f1os archivos de texto que se instalan en el equipo desde el cual se visita nuestro sitio web, y que nos proporcionan informaci\u00f3n de forma autom\u00e1tica. Las \u201ccookies\u201d en ning\u00fan caso se pueden&hellip;<\/p>\n","protected":false},"author":1,"featured_media":0,"parent":0,"menu_order":0,"comment_status":"closed","ping_status":"closed","template":"","meta":{"footnotes":""},"class_list":["post-5414","page","type-page","status-publish","hentry"],"acf":[],"yoast_head":"<!-- This site is optimized with the Yoast SEO plugin v26.6 - https:\/\/yoast.com\/wordpress\/plugins\/seo\/ -->\n<title>Cookies Policy - Bikai<\/title>\n<meta name=\"description\" content=\"P\u00e1gina web Pol\u00edtica de Cookies de Bikai Participaciones Industriales.\" \/>\n<meta name=\"robots\" content=\"noindex, nofollow\" \/>\n<meta property=\"og:locale\" content=\"en_US\" \/>\n<meta property=\"og:type\" content=\"article\" \/>\n<meta property=\"og:title\" content=\"Cookies Policy - Bikai\" \/>\n<meta property=\"og:description\" content=\"P\u00e1gina web Pol\u00edtica de Cookies de Bikai Participaciones Industriales.\" \/>\n<meta property=\"og:url\" content=\"https:\/\/www.bikai.eu\/en\/politica-de-cookies\/\" \/>\n<meta property=\"og:site_name\" content=\"Bikai\" \/>\n<meta property=\"article:modified_time\" content=\"2023-02-06T22:36:55+00:00\" \/>\n<meta name=\"twitter:card\" content=\"summary_large_image\" \/>\n<meta name=\"twitter:label1\" content=\"Est. reading time\" \/>\n\t<meta name=\"twitter:data1\" content=\"6 minutes\" \/>\n<script type=\"application\/ld+json\" class=\"yoast-schema-graph\">{\"@context\":\"https:\/\/schema.org\",\"@graph\":[{\"@type\":\"WebPage\",\"@id\":\"https:\/\/www.bikai.eu\/en\/politica-de-cookies\/\",\"url\":\"https:\/\/www.bikai.eu\/en\/politica-de-cookies\/\",\"name\":\"Cookies Policy - Bikai\",\"isPartOf\":{\"@id\":\"https:\/\/www.bikai.eu\/en\/#website\"},\"datePublished\":\"2023-01-19T09:00:00+00:00\",\"dateModified\":\"2023-02-06T22:36:55+00:00\",\"description\":\"P\u00e1gina web Pol\u00edtica de Cookies de Bikai Participaciones Industriales.\",\"breadcrumb\":{\"@id\":\"https:\/\/www.bikai.eu\/en\/politica-de-cookies\/#breadcrumb\"},\"inLanguage\":\"en-US\",\"potentialAction\":[{\"@type\":\"ReadAction\",\"target\":[\"https:\/\/www.bikai.eu\/en\/politica-de-cookies\/\"]}]},{\"@type\":\"BreadcrumbList\",\"@id\":\"https:\/\/www.bikai.eu\/en\/politica-de-cookies\/#breadcrumb\",\"itemListElement\":[{\"@type\":\"ListItem\",\"position\":1,\"name\":\"Portada\",\"item\":\"https:\/\/www.bikai.eu\/en\/\"},{\"@type\":\"ListItem\",\"position\":2,\"name\":\"Cookies Policy\"}]},{\"@type\":\"WebSite\",\"@id\":\"https:\/\/www.bikai.eu\/en\/#website\",\"url\":\"https:\/\/www.bikai.eu\/en\/\",\"name\":\"Bikai Participaciones industriales\",\"description\":\"Bikai Participaciones Industriales\",\"publisher\":{\"@id\":\"https:\/\/www.bikai.eu\/en\/#organization\"},\"potentialAction\":[{\"@type\":\"SearchAction\",\"target\":{\"@type\":\"EntryPoint\",\"urlTemplate\":\"https:\/\/www.bikai.eu\/en\/?s={search_term_string}\"},\"query-input\":{\"@type\":\"PropertyValueSpecification\",\"valueRequired\":true,\"valueName\":\"search_term_string\"}}],\"inLanguage\":\"en-US\"},{\"@type\":\"Organization\",\"@id\":\"https:\/\/www.bikai.eu\/en\/#organization\",\"name\":\"Bikai Participaciones industriales\",\"url\":\"https:\/\/www.bikai.eu\/en\/\",\"logo\":{\"@type\":\"ImageObject\",\"inLanguage\":\"en-US\",\"@id\":\"https:\/\/www.bikai.eu\/en\/#\/schema\/logo\/image\/\",\"url\":\"https:\/\/www.bikai.eu\/wp-content\/uploads\/2022\/11\/logo-bikai-pi-negro.png\",\"contentUrl\":\"https:\/\/www.bikai.eu\/wp-content\/uploads\/2022\/11\/logo-bikai-pi-negro.png\",\"width\":714,\"height\":430,\"caption\":\"Bikai Participaciones industriales\"},\"image\":{\"@id\":\"https:\/\/www.bikai.eu\/en\/#\/schema\/logo\/image\/\"},\"sameAs\":[\"https:\/\/www.linkedin.com\/company\/bikai-participaciones-industriales\/\"]}]}<\/script>\n<!-- \/ Yoast SEO plugin. -->","yoast_head_json":{"title":"Cookies Policy - Bikai","description":"P\u00e1gina web Pol\u00edtica de Cookies de Bikai Participaciones Industriales.","robots":{"index":"noindex","follow":"nofollow"},"og_locale":"en_US","og_type":"article","og_title":"Cookies Policy - Bikai","og_description":"P\u00e1gina web Pol\u00edtica de Cookies de Bikai Participaciones Industriales.","og_url":"https:\/\/www.bikai.eu\/en\/politica-de-cookies\/","og_site_name":"Bikai","article_modified_time":"2023-02-06T22:36:55+00:00","twitter_card":"summary_large_image","twitter_misc":{"Est. reading time":"6 minutes"},"schema":{"@context":"https:\/\/schema.org","@graph":[{"@type":"WebPage","@id":"https:\/\/www.bikai.eu\/en\/politica-de-cookies\/","url":"https:\/\/www.bikai.eu\/en\/politica-de-cookies\/","name":"Cookies Policy - Bikai","isPartOf":{"@id":"https:\/\/www.bikai.eu\/en\/#website"},"datePublished":"2023-01-19T09:00:00+00:00","dateModified":"2023-02-06T22:36:55+00:00","description":"P\u00e1gina web Pol\u00edtica de Cookies de Bikai Participaciones Industriales.","breadcrumb":{"@id":"https:\/\/www.bikai.eu\/en\/politica-de-cookies\/#breadcrumb"},"inLanguage":"en-US","potentialAction":[{"@type":"ReadAction","target":["https:\/\/www.bikai.eu\/en\/politica-de-cookies\/"]}]},{"@type":"BreadcrumbList","@id":"https:\/\/www.bikai.eu\/en\/politica-de-cookies\/#breadcrumb","itemListElement":[{"@type":"ListItem","position":1,"name":"Portada","item":"https:\/\/www.bikai.eu\/en\/"},{"@type":"ListItem","position":2,"name":"Cookies Policy"}]},{"@type":"WebSite","@id":"https:\/\/www.bikai.eu\/en\/#website","url":"https:\/\/www.bikai.eu\/en\/","name":"Bikai Participaciones industriales","description":"Bikai Participaciones Industriales","publisher":{"@id":"https:\/\/www.bikai.eu\/en\/#organization"},"potentialAction":[{"@type":"SearchAction","target":{"@type":"EntryPoint","urlTemplate":"https:\/\/www.bikai.eu\/en\/?s={search_term_string}"},"query-input":{"@type":"PropertyValueSpecification","valueRequired":true,"valueName":"search_term_string"}}],"inLanguage":"en-US"},{"@type":"Organization","@id":"https:\/\/www.bikai.eu\/en\/#organization","name":"Bikai Participaciones industriales","url":"https:\/\/www.bikai.eu\/en\/","logo":{"@type":"ImageObject","inLanguage":"en-US","@id":"https:\/\/www.bikai.eu\/en\/#\/schema\/logo\/image\/","url":"https:\/\/www.bikai.eu\/wp-content\/uploads\/2022\/11\/logo-bikai-pi-negro.png","contentUrl":"https:\/\/www.bikai.eu\/wp-content\/uploads\/2022\/11\/logo-bikai-pi-negro.png","width":714,"height":430,"caption":"Bikai Participaciones industriales"},"image":{"@id":"https:\/\/www.bikai.eu\/en\/#\/schema\/logo\/image\/"},"sameAs":["https:\/\/www.linkedin.com\/company\/bikai-participaciones-industriales\/"]}]}},"_links":{"self":[{"href":"https:\/\/www.bikai.eu\/en\/wp-json\/wp\/v2\/pages\/5414","targetHints":{"allow":["GET"]}}],"collection":[{"href":"https:\/\/www.bikai.eu\/en\/wp-json\/wp\/v2\/pages"}],"about":[{"href":"https:\/\/www.bikai.eu\/en\/wp-json\/wp\/v2\/types\/page"}],"author":[{"embeddable":true,"href":"https:\/\/www.bikai.eu\/en\/wp-json\/wp\/v2\/users\/1"}],"replies":[{"embeddable":true,"href":"https:\/\/www.bikai.eu\/en\/wp-json\/wp\/v2\/comments?post=5414"}],"version-history":[{"count":2,"href":"https:\/\/www.bikai.eu\/en\/wp-json\/wp\/v2\/pages\/5414\/revisions"}],"predecessor-version":[{"id":5426,"href":"https:\/\/www.bikai.eu\/en\/wp-json\/wp\/v2\/pages\/5414\/revisions\/5426"}],"wp:attachment":[{"href":"https:\/\/www.bikai.eu\/en\/wp-json\/wp\/v2\/media?parent=5414"}],"curies":[{"name":"wp","href":"https:\/\/api.w.org\/{rel}","templated":true}]}}